{"id":985,"date":"2014-05-02T09:27:24","date_gmt":"2014-05-02T07:27:24","guid":{"rendered":"http:\/\/www.musikzug-jevenstedt.de\/?page_id=985"},"modified":"2025-04-04T08:06:36","modified_gmt":"2025-04-04T06:06:36","slug":"willkommen","status":"publish","type":"page","link":"https:\/\/www.musikzug-jevenstedt.de\/","title":{"rendered":"Willkommen"},"content":{"rendered":"<p>Der Musikzug der freiwilligen Feuerwehr Jevenstedt begr\u00fc\u00dft Sie herzlich.<\/p>\n<p>Falls Sie Musik f\u00fcr Ihre Veranstaltung suchen &#8211; ein Konzert oder ein St\u00e4ndchen &#8211; sind Sie hier genau richtig. Setzen Sie uns einfach mit uns in Verbindung. Die Kontaktdaten finden Sie <a title=\"Kontakt\" href=\"https:\/\/www.musikzug-jevenstedt.de\/?page_id=803\">hier<\/a>.<\/p>\n<p>Falls Du ein Instrument spielst und Lust hast mitzumachen, komm einfach vorbei. Wir proben Dienstags um 19:30 in der Schule in Jevenstedt oder in Ausnahmef\u00e4llen (Ferien etc.) im Ger\u00e4tehaus.<\/p>\n<p>M\u00f6chtest Du ein Instrument lernen? Dann bist Du auch herzlich willkommen. Wir arbeiten in Kooperation mit der Musikschule auf dem Reese-Hof. Mehr Infos findest Du <a title=\"Musikzug \/ Feuerwehr\" href=\"https:\/\/www.musikzug-jevenstedt.de\/?page_id=957\">hier<\/a> oder <a href=\"http:\/\/www.onstage-jevenstedt.de\/\" target=\"_blank\" rel=\"noopener noreferrer\">hier<\/a>.<\/p>\n<p>Die Feuerwehr braucht Ihre Unterst\u00fctzung. Werden Sie aktives oder passives Mitglied. Weiter Informationen finden Sie <a href=\"https:\/\/www.musikzug-jevenstedt.de\/?page_id=957\">hier<\/a>.<\/p>\n","protected":false},"excerpt":{"rendered":"<p>Der Musikzug der freiwilligen Feuerwehr Jevenstedt begr\u00fc\u00dft Sie herzlich. Falls Sie Musik f\u00fcr Ihre Veranstaltung suchen &#8211; ein Konzert oder ein St\u00e4ndchen &#8211; sind Sie hier genau richtig. Setzen Sie uns einfach mit uns in Verbindung. Die Kontaktdaten finden Sie hier. Falls Du ein Instrument spielst und Lust hast mitzumachen, komm einfach vorbei. Wir proben &hellip; <\/p>\n<p class=\"link-more\"><a href=\"https:\/\/www.musikzug-jevenstedt.de\/\" class=\"more-link\"><span class=\"screen-reader-text\">\u201eWillkommen\u201c <\/span>weiterlesen<\/a><\/p>\n","protected":false},"author":4,"featured_media":0,"parent":0,"menu_order":0,"comment_status":"closed","ping_status":"closed","template":"","meta":{"ngg_post_thumbnail":0,"footnotes":""},"class_list":["post-985","page","type-page","status-publish","hentry"],"_links":{"self":[{"href":"https:\/\/www.musikzug-jevenstedt.de\/index.php?rest_route=\/wp\/v2\/pages\/985","targetHints":{"allow":["GET"]}}],"collection":[{"href":"https:\/\/www.musikzug-jevenstedt.de\/index.php?rest_route=\/wp\/v2\/pages"}],"about":[{"href":"https:\/\/www.musikzug-jevenstedt.de\/index.php?rest_route=\/wp\/v2\/types\/page"}],"author":[{"embeddable":true,"href":"https:\/\/www.musikzug-jevenstedt.de\/index.php?rest_route=\/wp\/v2\/users\/4"}],"replies":[{"embeddable":true,"href":"https:\/\/www.musikzug-jevenstedt.de\/index.php?rest_route=%2Fwp%2Fv2%2Fcomments&post=985"}],"version-history":[{"count":13,"href":"https:\/\/www.musikzug-jevenstedt.de\/index.php?rest_route=\/wp\/v2\/pages\/985\/revisions"}],"predecessor-version":[{"id":1223,"href":"https:\/\/www.musikzug-jevenstedt.de\/index.php?rest_route=\/wp\/v2\/pages\/985\/revisions\/1223"}],"wp:attachment":[{"href":"https:\/\/www.musikzug-jevenstedt.de\/index.php?rest_route=%2Fwp%2Fv2%2Fmedia&parent=985"}],"curies":[{"name":"wp","href":"https:\/\/api.w.org\/{rel}","templated":true}]}}