{"id":957,"date":"2013-08-18T22:09:44","date_gmt":"2013-08-18T20:09:44","guid":{"rendered":"http:\/\/www.musikzug-jevenstedt.de\/?page_id=957"},"modified":"2017-05-10T08:47:42","modified_gmt":"2017-05-10T06:47:42","slug":"musikzug-feuerwehr","status":"publish","type":"page","link":"https:\/\/www.musikzug-jevenstedt.de\/?page_id=957","title":{"rendered":"Musikzug \/ Feuerwehr"},"content":{"rendered":"<h2>Kooperation der Musikschule mit dem Musikzug<\/h2>\n<p>Zwischen der <a href=\"http:\/\/www.onstage-jevenstedt.de\/\" target=\"_blank\" rel=\"noopener noreferrer\">Musikschule auf dem Reesehof<\/a> und dem Musikzug gibt es seit kurzem eine Kooperation.<\/p>\n<p>Da es f\u00fcr die Mitglieder des Musikzuges berufsbedingt zunehmend schwierig wird auszubilden, bleibt nur die M\u00f6glichkeit, hier auf professionellen Unterricht zu verweisen. Dieser wird in der Musikschule geboten.<\/p>\n<p>Was liegt also n\u00e4her, als hier Synergien zu schaffen?<\/p>\n<p>Als n\u00e4chster Schritt ist die Bildung eines Vor-Orchesters geplant, in der Sch\u00fcler mit einem gewissen Ausbildungsgrad das Zusammenspiel erlernen k\u00f6nnen. Das Vororchester wid durch den Musikzug organisiert.<\/p>\n<p>Dieses Angebot richtet sich an Neulinge und auch an Interessierte, die bereits \u00fcber gewisse Fertigkeiten verf\u00fcgen.<\/p>\n<p>Bei Fragen wenden Sie sich bitte entweder an Heiko Reese (04337 \/ 91 95 96) oder an den Musikzug selbst. Die Telefonnummern finden Sie auf unserer <a title=\"Kontaktseite\" href=\"https:\/\/www.musikzug-jevenstedt.de\/?page_id=803\" target=\"_blank\" rel=\"noopener noreferrer\">Kontaktseite<\/a>.<\/p>\n<h2>Aktive oder passive Mitgliedschaft in der Freiwilligen Feuerwehr Jevenstedt<\/h2>\n<p>Die Feuerwehr \u00fcbernimmt im Ort unter anderem die Aufgabe des Brandschutzes und leistet technische Hilfe.<\/p>\n<p>Was man dabei nicht vergessen darf, ist die Tatsache, dass es sich bei den Feuerwehrleuten um Menschen handelt, die einen gro\u00dfen Teil ihrer Freizeit hierf\u00fcr opfern. Leider ist dies heutzutage nicht allen m\u00f6glich, denkt man nur an die von der Bundesregierung geforderte Mobilit\u00e4t im Berufsleben&#8230;<\/p>\n<p>Wenn wir Ihr Interesse geweckt haben, in der Gemeinde als aktives Feuerwehrmitglied den Brandschutz zu unterst\u00fctzen, finden Sie <a href=\"http:\/\/www.amt-jevenstedt.de\/gemeinden\/jevenstedt\/vereine_verlink_index_25_243_1__detail.html\">hier<\/a> weitere Informationen.<\/p>\n<p>Aber es gibt auch eine M\u00f6glichkeit, die Feuerwehr zu unterst\u00fctzen, ohne selbst aktiv zu werden &#8211; die passive Mitgliedschaft. All jene, deren Interesse jetzt geweckt ist, k\u00f6nnen durch das Ausf\u00fcllen <a href=\"https:\/\/www.musikzug-jevenstedt.de\/wp-content\/uploads\/2011\/12\/Passive_Mitgliedschaft.pdf\" target=\"_blank\" rel=\"noopener noreferrer\">dieses Dokumentes<\/a> und dessen Abgabe die Freiwillige Feuerwehr unterst\u00fctzen.<\/p>\n<p>Seien Sie sicher, dass Ihre Unterst\u00fctzung sinnvoll verwendet wird.<\/p>\n<p>Ihre Freiwillige Feuerwehr in Jevenstedt.<\/p>\n","protected":false},"excerpt":{"rendered":"<p>Kooperation der Musikschule mit dem Musikzug Zwischen der Musikschule auf dem Reesehof und dem Musikzug gibt es seit kurzem eine Kooperation. Da es f\u00fcr die Mitglieder des Musikzuges berufsbedingt zunehmend schwierig wird auszubilden, bleibt nur die M\u00f6glichkeit, hier auf professionellen Unterricht zu verweisen. Dieser wird in der Musikschule geboten. Was liegt also n\u00e4her, als hier &hellip; <\/p>\n<p class=\"link-more\"><a href=\"https:\/\/www.musikzug-jevenstedt.de\/?page_id=957\" class=\"more-link\"><span class=\"screen-reader-text\">\u201eMusikzug \/ Feuerwehr\u201c <\/span>weiterlesen<\/a><\/p>\n","protected":false},"author":4,"featured_media":0,"parent":0,"menu_order":0,"comment_status":"closed","ping_status":"closed","template":"","meta":{"ngg_post_thumbnail":0,"footnotes":""},"class_list":["post-957","page","type-page","status-publish","hentry"],"_links":{"self":[{"href":"https:\/\/www.musikzug-jevenstedt.de\/index.php?rest_route=\/wp\/v2\/pages\/957","targetHints":{"allow":["GET"]}}],"collection":[{"href":"https:\/\/www.musikzug-jevenstedt.de\/index.php?rest_route=\/wp\/v2\/pages"}],"about":[{"href":"https:\/\/www.musikzug-jevenstedt.de\/index.php?rest_route=\/wp\/v2\/types\/page"}],"author":[{"embeddable":true,"href":"https:\/\/www.musikzug-jevenstedt.de\/index.php?rest_route=\/wp\/v2\/users\/4"}],"replies":[{"embeddable":true,"href":"https:\/\/www.musikzug-jevenstedt.de\/index.php?rest_route=%2Fwp%2Fv2%2Fcomments&post=957"}],"version-history":[{"count":7,"href":"https:\/\/www.musikzug-jevenstedt.de\/index.php?rest_route=\/wp\/v2\/pages\/957\/revisions"}],"predecessor-version":[{"id":1137,"href":"https:\/\/www.musikzug-jevenstedt.de\/index.php?rest_route=\/wp\/v2\/pages\/957\/revisions\/1137"}],"wp:attachment":[{"href":"https:\/\/www.musikzug-jevenstedt.de\/index.php?rest_route=%2Fwp%2Fv2%2Fmedia&parent=957"}],"curies":[{"name":"wp","href":"https:\/\/api.w.org\/{rel}","templated":true}]}}