{"id":803,"date":"2012-06-24T12:37:59","date_gmt":"2012-06-24T10:37:59","guid":{"rendered":"http:\/\/www.musikzug-jevenstedt.de\/?page_id=803"},"modified":"2023-03-16T20:21:29","modified_gmt":"2023-03-16T18:21:29","slug":"kontakt","status":"publish","type":"page","link":"https:\/\/www.musikzug-jevenstedt.de\/?page_id=803","title":{"rendered":"Kontakt"},"content":{"rendered":"<p>Sie m\u00f6chten uns buchen? F\u00fcr ein Konzert oder ein St\u00e4ndchen? Hier sind Sie richtig.<\/p>\n<p>Rufen Sie einfach Werner Meyer-Simon an. Sie erreichen ihn unter der Rufnummer 04337 \/ 1396.<\/p>\n<p>Wir freuen uns auf Sie.<\/p>\n<p>&nbsp;<\/p>\n","protected":false},"excerpt":{"rendered":"<p>Sie m\u00f6chten uns buchen? F\u00fcr ein Konzert oder ein St\u00e4ndchen? Hier sind Sie richtig. Rufen Sie einfach Werner Meyer-Simon an. Sie erreichen ihn unter der Rufnummer 04337 \/ 1396. Wir freuen uns auf Sie. &nbsp;<\/p>\n","protected":false},"author":4,"featured_media":0,"parent":0,"menu_order":0,"comment_status":"closed","ping_status":"closed","template":"","meta":{"ngg_post_thumbnail":0,"footnotes":""},"class_list":["post-803","page","type-page","status-publish","hentry"],"_links":{"self":[{"href":"https:\/\/www.musikzug-jevenstedt.de\/index.php?rest_route=\/wp\/v2\/pages\/803","targetHints":{"allow":["GET"]}}],"collection":[{"href":"https:\/\/www.musikzug-jevenstedt.de\/index.php?rest_route=\/wp\/v2\/pages"}],"about":[{"href":"https:\/\/www.musikzug-jevenstedt.de\/index.php?rest_route=\/wp\/v2\/types\/page"}],"author":[{"embeddable":true,"href":"https:\/\/www.musikzug-jevenstedt.de\/index.php?rest_route=\/wp\/v2\/users\/4"}],"replies":[{"embeddable":true,"href":"https:\/\/www.musikzug-jevenstedt.de\/index.php?rest_route=%2Fwp%2Fv2%2Fcomments&post=803"}],"version-history":[{"count":13,"href":"https:\/\/www.musikzug-jevenstedt.de\/index.php?rest_route=\/wp\/v2\/pages\/803\/revisions"}],"predecessor-version":[{"id":1147,"href":"https:\/\/www.musikzug-jevenstedt.de\/index.php?rest_route=\/wp\/v2\/pages\/803\/revisions\/1147"}],"wp:attachment":[{"href":"https:\/\/www.musikzug-jevenstedt.de\/index.php?rest_route=%2Fwp%2Fv2%2Fmedia&parent=803"}],"curies":[{"name":"wp","href":"https:\/\/api.w.org\/{rel}","templated":true}]}}