{"id":11,"date":"2011-10-21T08:42:11","date_gmt":"2011-10-21T08:42:11","guid":{"rendered":"http:\/\/www.musikzug-jevenstedt.de\/?page_id=11"},"modified":"2017-04-26T16:12:10","modified_gmt":"2017-04-26T14:12:10","slug":"uber-uns","status":"publish","type":"page","link":"https:\/\/www.musikzug-jevenstedt.de\/?page_id=11","title":{"rendered":"\u00dcber uns"},"content":{"rendered":"<p>Keine Angst, obiges Bild entspricht nicht der heutigen Besetzung&#8230;<\/p>\n<p>Wir laden Sie herzlichst ein, auf unseren Seiten nach Lust und Laune zu st\u00f6bern. Und falls es Ihnen hier gefallen sollte, teilen Sie es uns bitte mit.<\/p>\n<h1>In eigener Sache<\/h1>\n<p>Wir sind immer auf der Suche nach neuen Musikern. Gerade im Bereich hohes Blech und Schlagzeug w\u00fcrden wir uns sehr \u00fcber Neuzug\u00e4nge freuen. Ob Anf\u00e4nger oder Fortgeschrittener &#8211; komm einfach mal zu einer unserer Proben. Diese finden immer Dienstags von 19:30 bis 21:30 in der Schule bzw. in den Ferien im Feuerwehrger\u00e4tehaus statt. Wir freuen uns auf dich!<\/p>\n<h1>Chronik<\/h1>\n<p>Aufzeichnungen \u00fcber die Feuerwehrmusik gibt es laut Protokollbuch der Feuerwehr seit 1884. Im folgenden finden Sie eine chronologische Abfolge der Eintr\u00e4ge.<\/p>\n<p>31.12.1895<br \/>\nVon den Musikern wurde ihr Kollege C. Zander auf die Dauer von 2 Jahren gew\u00e4hlt. (Musikvorstand!)Anm.: Christian Zander, Schlachter, damals ca. 31 Jahre alt. Vater (oder Opa?) von Hans Zander.<\/p>\n<p>12.02.1896<br \/>\nDer fr\u00fchere Musikvorstand wird aufgel\u00f6st. Die Musiker der Wehr sollen unter sich einen Vorstand von drei Mitgliedern w\u00e4hlen, welcher f\u00fcr ordnungsm\u00e4\u00dfiges Instandhalten der Instrumente sowie jederzeitiger Brauchbarkeit Sorge zu tragen hat. Die Instrumente bleiben Eigentum der Wehr. Jedoch jeder Musiker hat jederzeit freie Benutzung des Instruments. Etwaige Reparaturkosten fallen auf Rechnung des Inhabers und nicht wie vorhin auf Rechnung der Kasse.<\/p>\n<p>09.10.1897<br \/>\nUnsere Musikkapelle, welche sich erboten hat, die Musik in dem Balle, welcher an der Haupt\u00fcbung sich anschlie\u00dft, mit 5 Mann f\u00fcr den Preis von 35 M zu liefern, wurde vom Vorstand angenommen.<\/p>\n<p>20.12.1903 (Nach einer \u00dcbung zu Ehren des ausgeschiedenen Hpt. Thode)<br \/>\nJetzt wurde unter Vorantritt der Musik zu einem Marsche angetreten (nach Thodes Lokal). Die Musik setzte ein mit dem sch\u00f6nen Marsche: Ich hatt&#8216; einen Kameraden!<\/p>\n<p>15.12.1920<br \/>\nZwecks Erhaltung des Musikchor wird der Kamerad P. Carstens bestimmt, um Unterricht in Rendsburg zu nehmen. F\u00fcr den Unterricht werden 120 M aus der Kasse bewilligt.<br \/>\nAnm.: Die Personalien des Peter Carstens oder Carstensen sind nicht n\u00e4her beschrieben. Er ist als Spritzenmann 1912 in die Wehr eingetreten. Eventuell handelt es sich um den B\u00e4cker, der nach Thode und vor Fransen oder Jensen in Jevenstedt ans\u00e4ssig war.<\/p>\n<p>30.11.1921<br \/>\nKamerad H. Zander wurde eine Beihilfe von 120 M einmalig zum Musikunterricht bewilligt.<br \/>\nAnm.: Hans Zander ist als Spritzenmann 1921 in die Wehr eingetreten.<\/p>\n<p>In der Festschrift zum 100j\u00e4hrigen Bestehen der Feuerwehr 1984 wird erw\u00e4hnt, dass eine Kapelle in St\u00e4rke von 12 Mann von dem K\u00fcster und Hauptlehrer Horns ins Leben gerufen wurde. Als Kapellmeister fungierte der Musikus und Gastwirt Christian Kiecksee. Leider gibt es zu diesem Eintrag kein Datum, stammt aber wahrscheinlich noch vor dem 10j\u00e4hrigen Stiftungsfest im Jahre 1894.<\/p>\n<p>Wann genau obiges Bild entstanden ist, ist leider nicht bekannt. Genausowenig wissen wir \u00fcber die Zeit nach 1925. Wir sch\u00e4tzen das Enstehungsjahr des Bildes auf ca. 1930. Wer hier mehr wei\u00df, ist eingeladen sein Wissen mit uns zu teilen.<\/p>\n<p>Im Dezember 1967 wurde der jetzige Musikzug mit 22 Mitgliedern erneut gegr\u00fcndet. Bereits im M\u00e4rz 1968 sollte anl\u00e4sslich der Jahreshauptversammlung der Feuerwehr der erste \u00f6ffentliche Auftritt stattfinden.<\/p>\n<figure id=\"attachment_825\" aria-describedby=\"caption-attachment-825\" style=\"width: 433px\" class=\"wp-caption alignnone\"><a href=\"https:\/\/www.musikzug-jevenstedt.de\/wp-content\/uploads\/2011\/10\/mzj19682.jpg\"><img loading=\"lazy\" decoding=\"async\" class=\"size-full wp-image-825\" title=\"Musikzug 1968\" src=\"https:\/\/www.musikzug-jevenstedt.de\/wp-content\/uploads\/2011\/10\/mzj19682.jpg\" alt=\"\" width=\"433\" height=\"209\" srcset=\"https:\/\/www.musikzug-jevenstedt.de\/wp-content\/uploads\/2011\/10\/mzj19682.jpg 433w, https:\/\/www.musikzug-jevenstedt.de\/wp-content\/uploads\/2011\/10\/mzj19682-300x144.jpg 300w\" sizes=\"auto, (max-width: 433px) 100vw, 433px\" \/><\/a><figcaption id=\"caption-attachment-825\" class=\"wp-caption-text\">Der Musikzug im Jahre 1968<\/figcaption><\/figure>\n<p>Auch an den Dreharbeiten zum Film &#8222;Bauern, Bonzen, Bomben&#8220; nach dem Roman von Hans Fallada durften wir mitwirken.<\/p>\n<figure id=\"attachment_827\" aria-describedby=\"caption-attachment-827\" style=\"width: 442px\" class=\"wp-caption alignnone\"><a href=\"https:\/\/www.musikzug-jevenstedt.de\/wp-content\/uploads\/2011\/10\/mzj1968b1.jpg\"><img loading=\"lazy\" decoding=\"async\" class=\"size-full wp-image-827\" title=\"Bauern, Bonzen, Bomben\" src=\"https:\/\/www.musikzug-jevenstedt.de\/wp-content\/uploads\/2011\/10\/mzj1968b1.jpg\" alt=\"\" width=\"442\" height=\"286\" srcset=\"https:\/\/www.musikzug-jevenstedt.de\/wp-content\/uploads\/2011\/10\/mzj1968b1.jpg 442w, https:\/\/www.musikzug-jevenstedt.de\/wp-content\/uploads\/2011\/10\/mzj1968b1-300x194.jpg 300w\" sizes=\"auto, (max-width: 442px) 100vw, 442px\" \/><\/a><figcaption id=\"caption-attachment-827\" class=\"wp-caption-text\">Und bei den Dreharbeiten zu &#8222;Bauern, Bonzen, Bomben&#8220;<\/figcaption><\/figure>\n<p>Im Laufe der Jahre steigerte sich der Musikzug immer weiter, sowohl den musikalischen Ehrgeiz als auch das Repertoire betreffend.<\/p>\n<p>Mit der \u00dcbernahme der musikalischen Leitung durch Michael Rath &#8211; seines Zeichens Trompeter und Schlagzeuger &#8211; Im Jahre 1993 machte der Musikzug einen Riesenschritt nach vorn, sowohl in der Anzahl der Musiker als auch in der Auswahl der St\u00fccke. Es wurden immer mehr moderne Arrangements einge\u00fcbt.<\/p>\n<p>Ein H\u00f6hepunkt war im Jahre 1995 zum 100j\u00e4hrigen Kanaljubil\u00e4um das Konzert am Kreishafen, wo das Publikum zu unserer Musik auf den Tischen tanzte.<\/p>\n<p>Bereits wenige Monate sp\u00e4ter gelang uns ein weiteres Highlight in Form eines Konzertes im Festzelt in der Poststra\u00dfe. Das Konzert wurde in Form einer Live-CD auch ver\u00f6ffentlicht &#8211; unsere erste CD. Diese war sehr schnell vergriffen.<\/p>\n<figure id=\"attachment_828\" aria-describedby=\"caption-attachment-828\" style=\"width: 189px\" class=\"wp-caption alignnone\"><a href=\"https:\/\/www.musikzug-jevenstedt.de\/wp-content\/uploads\/2011\/10\/CD1-k1.jpg\"><img loading=\"lazy\" decoding=\"async\" class=\" wp-image-828 \" title=\"CD1\" src=\"https:\/\/www.musikzug-jevenstedt.de\/wp-content\/uploads\/2011\/10\/CD1-k1.jpg\" alt=\"\" width=\"189\" height=\"170\" srcset=\"https:\/\/www.musikzug-jevenstedt.de\/wp-content\/uploads\/2011\/10\/CD1-k1.jpg 315w, https:\/\/www.musikzug-jevenstedt.de\/wp-content\/uploads\/2011\/10\/CD1-k1-300x270.jpg 300w\" sizes=\"auto, (max-width: 189px) 100vw, 189px\" \/><\/a><figcaption id=\"caption-attachment-828\" class=\"wp-caption-text\">Unsere erste CD<\/figcaption><\/figure>\n<p>Auch die darauf folgenden beiden CDs &#8211; eine Studioaufnahme und erneut eine Live-CD anl\u00e4sslich unseres 40j\u00e4hrigen Jubil\u00e4ums &#8211; waren wieder ein Erfolg.<\/p>\n<figure id=\"attachment_829\" aria-describedby=\"caption-attachment-829\" style=\"width: 189px\" class=\"wp-caption alignnone\"><a href=\"https:\/\/www.musikzug-jevenstedt.de\/wp-content\/uploads\/2011\/10\/CD2-k1.jpg\"><img loading=\"lazy\" decoding=\"async\" class=\" wp-image-829 \" title=\"CD2\" src=\"https:\/\/www.musikzug-jevenstedt.de\/wp-content\/uploads\/2011\/10\/CD2-k1.jpg\" alt=\"\" width=\"189\" height=\"170\" srcset=\"https:\/\/www.musikzug-jevenstedt.de\/wp-content\/uploads\/2011\/10\/CD2-k1.jpg 315w, https:\/\/www.musikzug-jevenstedt.de\/wp-content\/uploads\/2011\/10\/CD2-k1-300x270.jpg 300w\" sizes=\"auto, (max-width: 189px) 100vw, 189px\" \/><\/a><figcaption id=\"caption-attachment-829\" class=\"wp-caption-text\">Unsere zweite CD &#8211; aus dem Studio<\/figcaption><\/figure>\n<figure id=\"attachment_831\" aria-describedby=\"caption-attachment-831\" style=\"width: 189px\" class=\"wp-caption alignnone\"><a href=\"https:\/\/www.musikzug-jevenstedt.de\/wp-content\/uploads\/2011\/10\/CD3-k2.jpg\"><img loading=\"lazy\" decoding=\"async\" class=\" wp-image-831 \" title=\"CD3\" src=\"https:\/\/www.musikzug-jevenstedt.de\/wp-content\/uploads\/2011\/10\/CD3-k2.jpg\" alt=\"\" width=\"189\" height=\"170\" srcset=\"https:\/\/www.musikzug-jevenstedt.de\/wp-content\/uploads\/2011\/10\/CD3-k2.jpg 315w, https:\/\/www.musikzug-jevenstedt.de\/wp-content\/uploads\/2011\/10\/CD3-k2-300x270.jpg 300w\" sizes=\"auto, (max-width: 189px) 100vw, 189px\" \/><\/a><figcaption id=\"caption-attachment-831\" class=\"wp-caption-text\">Unsere dritte CD &#8211; erneut live eingespielt<\/figcaption><\/figure>\n<p>Leider konnte Michael aus vielen Gr\u00fcnden die Leitung des Musikzuges nicht mehr wahrnehmen. Aus diesem Grunde legte er Anfang 2005 den Taktstock nieder.<\/p>\n<p>Sein Nachfolger wurde im November 2005 Timo Lietzau, seines Zeichens Hornist im Marinemusikchorps. Ihm haben wir viele praktische Tipps und auch viel Hintergrundwissen zu verdanken. Unter ihm haben wir unser Repertoire in Richtung konzertanter St\u00fccke erweitern k\u00f6nnen. Aber auch die Zeit mit ihm fand im M\u00e4rz 2009 ein Ende.<\/p>\n<p>Gl\u00fccklicherweise haben wir aber sehr schnell einen Nachfolger \u00fcbernommen. Der f\u00fcr die Nordmarkhalle 2009 eingesprungene Dirigent Kay Kr\u00fcgel hat sich nach kurzer Bedenkzeit bereit erkl\u00e4rt, unseren Haufen musikalisch zu leiten. Als studierter Musiklehrer ist er nat\u00fcrlich mehr als qualifiziert f\u00fcr diesen Job.<\/p>\n<p>Im Februar 2015 ist Kay allerdings v\u00f6llig unerwartet verstorben. Wir alle trauern um ihn und sind fassungslos \u00fcber diesen Verlust.<\/p>\n<p>Seine Nachfolge \u00fcbernahm kommissarisch sein Stellvertreter Hendrik Nickels, der am 1. September dann auch von unseren Mitgliedern als Dirigent gew\u00e4hlt wurde.<\/p>\n<p>In all dieser Zeit haben wir eines immer wieder geschafft: Z\u00fcnftig zu feiern. Neben Sommerfesten und Weihnachtsfeiern gab es immer wieder mal Gelegenheiten, wo wir uns zu verschiedenen Anl\u00e4ssen zusammengefunden haben. Seien es St\u00e4ndchen zum Geburtstag, oder Mitternachtskonzerte beim Amtswehrf\u00fchrer, oder aber auch die traditionelle After-Show-Party nach der Nordmarkhalle &#8211; all diese Gelegenheiten zeigen, dass wir nicht nur zusammen musizieren k\u00f6nnen, sondern auch feiern. Und das ist fast genauso wichtig.<\/p>\n<p>&nbsp;<\/p>\n","protected":false},"excerpt":{"rendered":"<p>Keine Angst, obiges Bild entspricht nicht der heutigen Besetzung&#8230; Wir laden Sie herzlichst ein, auf unseren Seiten nach Lust und Laune zu st\u00f6bern. Und falls es Ihnen hier gefallen sollte, teilen Sie es uns bitte mit. In eigener Sache Wir sind immer auf der Suche nach neuen Musikern. Gerade im Bereich hohes Blech und Schlagzeug &hellip; <\/p>\n<p class=\"link-more\"><a href=\"https:\/\/www.musikzug-jevenstedt.de\/?page_id=11\" class=\"more-link\"><span class=\"screen-reader-text\">\u201e\u00dcber uns\u201c <\/span>weiterlesen<\/a><\/p>\n","protected":false},"author":1,"featured_media":18,"parent":0,"menu_order":0,"comment_status":"closed","ping_status":"closed","template":"","meta":{"ngg_post_thumbnail":0,"footnotes":""},"class_list":["post-11","page","type-page","status-publish","has-post-thumbnail","hentry"],"_links":{"self":[{"href":"https:\/\/www.musikzug-jevenstedt.de\/index.php?rest_route=\/wp\/v2\/pages\/11","targetHints":{"allow":["GET"]}}],"collection":[{"href":"https:\/\/www.musikzug-jevenstedt.de\/index.php?rest_route=\/wp\/v2\/pages"}],"about":[{"href":"https:\/\/www.musikzug-jevenstedt.de\/index.php?rest_route=\/wp\/v2\/types\/page"}],"author":[{"embeddable":true,"href":"https:\/\/www.musikzug-jevenstedt.de\/index.php?rest_route=\/wp\/v2\/users\/1"}],"replies":[{"embeddable":true,"href":"https:\/\/www.musikzug-jevenstedt.de\/index.php?rest_route=%2Fwp%2Fv2%2Fcomments&post=11"}],"version-history":[{"count":18,"href":"https:\/\/www.musikzug-jevenstedt.de\/index.php?rest_route=\/wp\/v2\/pages\/11\/revisions"}],"predecessor-version":[{"id":1126,"href":"https:\/\/www.musikzug-jevenstedt.de\/index.php?rest_route=\/wp\/v2\/pages\/11\/revisions\/1126"}],"wp:featuredmedia":[{"embeddable":true,"href":"https:\/\/www.musikzug-jevenstedt.de\/index.php?rest_route=\/wp\/v2\/media\/18"}],"wp:attachment":[{"href":"https:\/\/www.musikzug-jevenstedt.de\/index.php?rest_route=%2Fwp%2Fv2%2Fmedia&parent=11"}],"curies":[{"name":"wp","href":"https:\/\/api.w.org\/{rel}","templated":true}]}}