{"id":1047,"date":"2014-06-03T13:39:57","date_gmt":"2014-06-03T11:39:57","guid":{"rendered":"http:\/\/www.musikzug-jevenstedt.de\/?page_id=1047"},"modified":"2023-03-16T20:22:05","modified_gmt":"2023-03-16T18:22:05","slug":"impressum","status":"publish","type":"page","link":"https:\/\/www.musikzug-jevenstedt.de\/?page_id=1047","title":{"rendered":"Impressum"},"content":{"rendered":"<p>Herausgeber im Sinne des \u00a7 5 Telemediengesetz:<\/p>\n<p>Musikzug der freiwilligen Feuerwehr Jevenstedt<br \/>\nH\u00f6lln 23<br \/>\n24808 Jevenstedt<br \/>\nVertreten durch: Werner Meyer-Simon<br \/>\nTelefon: 04337 \/ 1396<\/p>\n<p>Der Musikzug ist eine Abteilung der freiwilligen Feuerwehr Jevenstedt.<\/p>\n<p><span class=\"xr_tl Text Text_14\" style=\"top: 220px; font-weight: bold;\">Haftungsausschluss:<\/span><\/p>\n<p><span class=\"xr_tl Text Text_14\" style=\"top: 279px;\"><span class=\"Text Text_14\" style=\"text-decoration: underline;\">Haftung f\u00fcr Inhalte<br \/>\n<\/span>Die Inhalte unserer Seiten wurden mit gr\u00f6\u00dfter Sorgfalt erstellt. F\u00fcr die Richtigkeit, Vollst\u00e4ndigkeit <\/span> <span class=\"xr_tl Text Text_14\" style=\"top: 298px;\">und Aktualit\u00e4t der Inhalte k\u00f6nnen wir jedoch keine Gew\u00e4hr \u00fcbernehmen. Als Diensteanbieter sind <\/span> <span class=\"xr_tl Text Text_14\" style=\"top: 318px;\">wir gem\u00e4\u00df \u00a7 7 Abs.1 TMG f\u00fcr eigene Inhalte auf diesen Seiten nach den allgemeinen Gesetzen <\/span> <span class=\"xr_tl Text Text_14\" style=\"top: 337px;\">verantwortlich. Nach \u00a7\u00a7 8 bis 10 TMG sind wir als Diensteanbieter jedoch nicht verpflichtet, <\/span> <span class=\"xr_tl Text Text_14\" style=\"top: 357px;\">\u00fcbermittelte oder gespeicherte fremde Informationen zu \u00fcberwachen oder nach Umst\u00e4nden zu <\/span> <span class=\"xr_tl Text Text_14\" style=\"top: 376px;\">forschen, die auf eine rechtswidrige T\u00e4tigkeit hinweisen. Verpflichtungen zur Entfernung oder <\/span> <span class=\"xr_tl Text Text_14\" style=\"top: 396px;\">Sperrung der Nutzung von Informationen nach den allgemeinen Gesetzen bleiben hiervon unber\u00fchrt. <\/span> <span class=\"xr_tl Text Text_14\" style=\"top: 416px;\">Eine diesbez\u00fcgliche Haftung ist jedoch erst ab dem Zeitpunkt der Kenntnis einer konkreten <\/span> <span class=\"xr_tl Text Text_14\" style=\"top: 435px;\">Rechtsverletzung m\u00f6glich. Bei Bekanntwerden von entsprechenden Rechtsverletzungen werden wir <\/span> <span class=\"xr_tl Text Text_14\" style=\"top: 455px;\">diese Inhalte umgehend entfernen.<\/span><\/p>\n<p><span class=\"xr_tl Text Text_14\" style=\"top: 494px;\"><span class=\"Text Text_14\" style=\"text-decoration: underline;\">Haftung f\u00fcr Links<\/span><\/span><br \/>\n<span class=\"xr_tl Text Text_14\" style=\"top: 513px;\">Unser Angebot enth\u00e4lt Links zu externen Webseiten Dritter, auf deren Inhalte wir keinen Einfluss <\/span> <span class=\"xr_tl Text Text_14\" style=\"top: 533px;\">haben. Deshalb k\u00f6nnen wir f\u00fcr diese fremden Inhalte auch keine Gew\u00e4hr \u00fcbernehmen. F\u00fcr die <\/span> <span class=\"xr_tl Text Text_14\" style=\"top: 552px;\">Inhalte der verlinkten Seiten ist stets der jeweilige Anbieter oder Betreiber der Seiten verantwortlich. <\/span> <span class=\"xr_tl Text Text_14\" style=\"top: 572px;\">Die verlinkten Seiten wurden zum Zeitpunkt der Verlinkung auf m\u00f6gliche Rechtsverst\u00f6\u00dfe \u00fcberpr\u00fcft. <\/span> <span class=\"xr_tl Text Text_14\" style=\"top: 592px;\">Rechtswidrige Inhalte waren zum Zeitpunkt der Verlinkung nicht erkennbar. Eine permanente <\/span> <span class=\"xr_tl Text Text_14\" style=\"top: 611px;\">inhaltliche Kontrolle der verlinkten Seiten ist jedoch ohne konkrete Anhaltspunkte einer <\/span> <span class=\"xr_tl Text Text_14\" style=\"top: 631px;\">Rechtsverletzung nicht zumutbar. Bei Bekanntwerden von Rechtsverletzungen werden wir derartige <\/span> <span class=\"xr_tl Text Text_14\" style=\"top: 650px;\">Links umgehend entfernen.<\/span> <span class=\"xr_tl Text Text_14\" style=\"top: 689px;\"><span class=\"Text Text_14\" style=\"text-decoration: underline;\">Urheberrecht<\/span><\/span> <span class=\"xr_tl Text Text_14\" style=\"top: 709px;\">Die durch die Seitenbetreiber erstellten Inhalte und Werke auf diesen Seiten unterliegen dem <\/span> <span class=\"xr_tl Text Text_14\" style=\"top: 729px;\">deutschen Urheberrecht. Die Vervielf\u00e4ltigung, Bearbeitung, Verbreitung und jede Art der Verwertung <\/span> <span class=\"xr_tl Text Text_14\" style=\"top: 748px;\">au\u00dferhalb der Grenzen des Urheberrechtes bed\u00fcrfen der schriftlichen Zustimmung des jeweiligen <\/span> <span class=\"xr_tl Text Text_14\" style=\"top: 768px;\">Autors bzw. Erstellers. Downloads und Kopien dieser Seite sind nur f\u00fcr den privaten, nicht <\/span> <span class=\"xr_tl Text Text_14\" style=\"top: 787px;\">kommerziellen Gebrauch gestattet. Soweit die Inhalte auf dieser Seite nicht vom Betreiber erstellt <\/span> <span class=\"xr_tl Text Text_14\" style=\"top: 807px;\">wurden, werden die Urheberrechte Dritter beachtet. Insbesondere werden Inhalte Dritter als solche <\/span> <span class=\"xr_tl Text Text_14\" style=\"top: 826px;\">gekennzeichnet. Sollten Sie trotzdem auf eine Urheberrechtsverletzung aufmerksam werden, bitten <\/span> <span class=\"xr_tl Text Text_14\" style=\"top: 846px;\">wir um einen entsprechenden Hinweis. Bei Bekanntwerden von Rechtsverletzungen werden wir <\/span> <span class=\"xr_tl Text Text_14\" style=\"top: 866px;\">derartige Inhalte umgehend entfernen.<\/span><\/p>\n<p><span class=\"xr_tl Text Text_14\" style=\"top: 905px;\"><span class=\"Text Text_14\" style=\"text-decoration: underline;\">Datenschutz<br \/>\n<\/span><\/span> <span class=\"xr_tl Text Text_14\" style=\"top: 924px;\">Die Nutzung unserer Webseite ist in der Regel ohne Angabe personenbezogener Daten m\u00f6glich. <\/span> <span class=\"xr_tl Text Text_14\" style=\"top: 944px;\">Soweit auf unseren Seiten personenbezogene Daten (beispielsweise Name, Anschrift oder eMail-<\/span> <span class=\"xr_tl Text Text_14\" style=\"top: 963px;\">Adressen) erhoben werden, erfolgt dies, soweit m\u00f6glich, stets auf freiwilliger Basis. Diese Daten <\/span> <span class=\"xr_tl Text Text_14\" style=\"top: 983px;\">werden ohne Ihre ausdr\u00fcckliche Zustimmung nicht an Dritte weitergegeben.<\/span> <span class=\"xr_tl Text Text_14\" style=\"top: 1002px;\">Wir weisen darauf hin, dass die Daten\u00fcbertragung im Internet (z.B. bei der Kommunikation per E-<\/span> <span class=\"xr_tl Text Text_14\" style=\"top: 1022px;\">Mail) Sicherheitsl\u00fccken aufweisen kann. Ein l\u00fcckenloser Schutz der Daten vor dem Zugriff durch <\/span> <span class=\"xr_tl Text Text_14\" style=\"top: 1042px;\">Dritte ist nicht m\u00f6glich.<\/span> <span class=\"xr_tl Text Text_14\" style=\"top: 1061px;\">Der Nutzung von im Rahmen der Impressumspflicht ver\u00f6ffentlichten Kontaktdaten durch Dritte zur <\/span> <span class=\"xr_tl Text Text_14\" style=\"top: 1081px;\">\u00dcbersendung von nicht ausdr\u00fccklich angeforderter Werbung und Informationsmaterialien wird <\/span> <span class=\"xr_tl Text Text_14\" style=\"top: 1100px;\">hiermit ausdr\u00fccklich widersprochen. Die Betreiber der Seiten behalten sich ausdr\u00fccklich rechtliche <\/span> <span class=\"xr_tl Text Text_14\" style=\"top: 1120px;\">Schritte im Falle der unverlangten Zusendung von Werbeinformationen, etwa durch Spam-Mails, vor.<\/span><\/p>\n<p>&nbsp;<\/p>\n","protected":false},"excerpt":{"rendered":"<p>Herausgeber im Sinne des \u00a7 5 Telemediengesetz: Musikzug der freiwilligen Feuerwehr Jevenstedt H\u00f6lln 23 24808 Jevenstedt Vertreten durch: Werner Meyer-Simon Telefon: 04337 \/ 1396 Der Musikzug ist eine Abteilung der freiwilligen Feuerwehr Jevenstedt. Haftungsausschluss: Haftung f\u00fcr Inhalte Die Inhalte unserer Seiten wurden mit gr\u00f6\u00dfter Sorgfalt erstellt. F\u00fcr die Richtigkeit, Vollst\u00e4ndigkeit und Aktualit\u00e4t der Inhalte k\u00f6nnen &hellip; <\/p>\n<p class=\"link-more\"><a href=\"https:\/\/www.musikzug-jevenstedt.de\/?page_id=1047\" class=\"more-link\"><span class=\"screen-reader-text\">\u201eImpressum\u201c <\/span>weiterlesen<\/a><\/p>\n","protected":false},"author":4,"featured_media":0,"parent":0,"menu_order":0,"comment_status":"closed","ping_status":"open","template":"","meta":{"ngg_post_thumbnail":0,"footnotes":""},"class_list":["post-1047","page","type-page","status-publish","hentry"],"_links":{"self":[{"href":"https:\/\/www.musikzug-jevenstedt.de\/index.php?rest_route=\/wp\/v2\/pages\/1047","targetHints":{"allow":["GET"]}}],"collection":[{"href":"https:\/\/www.musikzug-jevenstedt.de\/index.php?rest_route=\/wp\/v2\/pages"}],"about":[{"href":"https:\/\/www.musikzug-jevenstedt.de\/index.php?rest_route=\/wp\/v2\/types\/page"}],"author":[{"embeddable":true,"href":"https:\/\/www.musikzug-jevenstedt.de\/index.php?rest_route=\/wp\/v2\/users\/4"}],"replies":[{"embeddable":true,"href":"https:\/\/www.musikzug-jevenstedt.de\/index.php?rest_route=%2Fwp%2Fv2%2Fcomments&post=1047"}],"version-history":[{"count":7,"href":"https:\/\/www.musikzug-jevenstedt.de\/index.php?rest_route=\/wp\/v2\/pages\/1047\/revisions"}],"predecessor-version":[{"id":1148,"href":"https:\/\/www.musikzug-jevenstedt.de\/index.php?rest_route=\/wp\/v2\/pages\/1047\/revisions\/1148"}],"wp:attachment":[{"href":"https:\/\/www.musikzug-jevenstedt.de\/index.php?rest_route=%2Fwp%2Fv2%2Fmedia&parent=1047"}],"curies":[{"name":"wp","href":"https:\/\/api.w.org\/{rel}","templated":true}]}}